{"id":2052,"date":"2022-02-22T06:11:20","date_gmt":"2022-02-22T04:11:20","guid":{"rendered":"https:\/\/www.nicholascolorhotel.com\/standort\/"},"modified":"2022-06-02T13:53:36","modified_gmt":"2022-06-02T10:53:36","slug":"standort","status":"publish","type":"page","link":"https:\/\/www.nicholascolorhotel.com\/de\/standort\/","title":{"rendered":"LAGE"},"content":{"rendered":"<div class=\"wpb-content-wrapper\"><p>[vc_row][vc_column][vc_row_inner][vc_column_inner] <h1 style=\"color:;padding:px;text-align:;font-size:px;line-height:px;letter-spacing: px;font-weight:\" class=\"    \">LAGE<\/h1> [vc_empty_space height=&#8220;25px&#8220;][\/vc_column_inner][\/vc_row_inner][vc_row_inner][vc_column_inner css=&#8220;.vc_custom_1654167197695{background-image: url(https:\/\/www.nicholascolorhotel.com\/wp-content\/uploads\/2022\/02\/NC-pool-overview-night&#8211;e1654167186858.jpg?id=2011) !important;}&#8220;][vc_empty_space height=&#8220;250px&#8220;][\/vc_column_inner][\/vc_row_inner][vc_row_inner][vc_column_inner][vc_empty_space height=&#8220;25px&#8220;][vc_column_text]Das NICHOLAS COLOR HOTEL liegt in einer der besten Lagen des Ferienortes Ayia Napa und f\u00fcnf Gehminuten vom kristallklaren Wasser des Mittelmeers und einem der sch\u00f6nsten Sandstr\u00e4nde Zyperns entfernt.<\/p>\n<p>Die gro\u00dfartigen Aquat\u00f6ne des Meeres, die auf den blauen Himmel treffen, und der goldene Strand neben dem malerischen Hafen von Ayia Napa, mit seinen vielen Restaurants und Tavernen, ist nur f\u00fcnf Minuten zu Fu\u00df entfernt Das lebhafte Nachtleben des Ortes ist ganz in der N\u00e4he, was dieses Hotel zu einer idealen Wahl f\u00fcr jedermann macht.[\/vc_column_text][vc_empty_space height=&#8220;25px&#8220;][vc_gmaps link=&#8220;#E-8_JTNDaWZyYW1lJTIwc3JjJTNEJTIyaHR0cHMlM0ElMkYlMkZ3d3cuZ29vZ2xlLmNvbSUyRm1hcHMlMkZlbWJlZCUzRnBiJTNEJTIxMW0xOCUyMTFtMTIlMjExbTMlMjExZDMyNjguODU5Njg5NTU5NDk1JTIxMmQzMy45OTk2NDU5JTIxM2QzNC45ODUxNzkwOTk5OTk5OTYlMjEybTMlMjExZjAlMjEyZjAlMjEzZjAlMjEzbTIlMjExaTEwMjQlMjEyaTc2OCUyMTRmMTMuMSUyMTNtMyUyMTFtMiUyMTFzMHgxNGRmYzUxNGU0Y2QzM2JiJTI1M0EweDc1NmQ5MzE0ODY3NDQxZDIlMjEyc05pY2hvbGFzJTI1MjBDb2xvciUyNTIwSG90ZWwlMjE1ZTAlMjEzbTIlMjExc2VuJTIxMnMlMjE0djE2NTQxNjY2MDkzMzUlMjE1bTIlMjExc2VuJTIxMnMlMjIlMjB3aWR0aCUzRCUyMjYwMCUyMiUyMGhlaWdodCUzRCUyMjQ1MCUyMiUyMHN0eWxlJTNEJTIyYm9yZGVyJTNBMCUzQiUyMiUyMGFsbG93ZnVsbHNjcmVlbiUzRCUyMiUyMiUyMGxvYWRpbmclM0QlMjJsYXp5JTIyJTIwcmVmZXJyZXJwb2xpY3klM0QlMjJuby1yZWZlcnJlci13aGVuLWRvd25ncmFkZSUyMiUzRSUzQyUyRmlmcmFtZSUzRQ==&#8220;][\/vc_column_inner][\/vc_row_inner][\/vc_column][\/vc_row]<\/p>\n<\/div>","protected":false},"excerpt":{"rendered":"<p>[vc_row][vc_column][vc_row_inner][vc_column_inner][vc_empty_space height=&#8220;25px&#8220;][\/vc_column_inner][\/vc_row_inner][vc_row_inner][vc_column_inner css=&#8220;.vc_custom_1654167197695{background-image: url(https:\/\/www.nicholascolorhotel.com\/wp-content\/uploads\/2022\/02\/NC-pool-overview-night&#8211;e1654167186858.jpg?id=2011) !important;}&#8220;][vc_empty_space height=&#8220;250px&#8220;][\/vc_column_inner][\/vc_row_inner][vc_row_inner][vc_column_inner][vc_empty_space height=&#8220;25px&#8220;][vc_column_text]Das NICHOLAS COLOR HOTEL liegt in einer der besten Lagen des Ferienortes Ayia Napa und f\u00fcnf Gehminuten vom kristallklaren Wasser des Mittelmeers und einem der sch\u00f6nsten Sandstr\u00e4nde Zyperns entfernt. Die gro\u00dfartigen Aquat\u00f6ne des Meeres, die auf den blauen Himmel treffen, und der goldene Strand neben dem malerischen Hafen von [&hellip;]<\/p>\n","protected":false},"author":3,"featured_media":0,"parent":0,"menu_order":0,"comment_status":"closed","ping_status":"closed","template":"","meta":{"inline_featured_image":false,"footnotes":""},"class_list":["post-2052","page","type-page","status-publish","hentry"],"_links":{"self":[{"href":"https:\/\/www.nicholascolorhotel.com\/de\/wp-json\/wp\/v2\/pages\/2052","targetHints":{"allow":["GET"]}}],"collection":[{"href":"https:\/\/www.nicholascolorhotel.com\/de\/wp-json\/wp\/v2\/pages"}],"about":[{"href":"https:\/\/www.nicholascolorhotel.com\/de\/wp-json\/wp\/v2\/types\/page"}],"author":[{"embeddable":true,"href":"https:\/\/www.nicholascolorhotel.com\/de\/wp-json\/wp\/v2\/users\/3"}],"replies":[{"embeddable":true,"href":"https:\/\/www.nicholascolorhotel.com\/de\/wp-json\/wp\/v2\/comments?post=2052"}],"version-history":[{"count":0,"href":"https:\/\/www.nicholascolorhotel.com\/de\/wp-json\/wp\/v2\/pages\/2052\/revisions"}],"wp:attachment":[{"href":"https:\/\/www.nicholascolorhotel.com\/de\/wp-json\/wp\/v2\/media?parent=2052"}],"curies":[{"name":"wp","href":"https:\/\/api.w.org\/{rel}","templated":true}]}}