{"id":2062,"date":"2017-07-19T08:30:52","date_gmt":"2017-07-19T05:30:52","guid":{"rendered":"https:\/\/www.nicholascolorhotel.com\/restaurant-bars\/"},"modified":"2022-06-02T16:41:47","modified_gmt":"2022-06-02T13:41:47","slug":"restaurant-bars","status":"publish","type":"page","link":"https:\/\/www.nicholascolorhotel.com\/de\/restaurant-bars\/","title":{"rendered":"RESTAURANTS &amp; BARS"},"content":{"rendered":"<div class=\"wpb-content-wrapper\"><p>[vc_row][vc_column] <h1 style=\"color:;padding:px;text-align:;font-size:px;line-height:px;letter-spacing: px;font-weight:\" class=\"    \"> RESTAURANTS &amp; BARS<\/h1> [vc_empty_space height=&#8220;25px&#8220;][vc_single_image image=&#8220;2007&#8243; img_size=&#8220;full&#8220;][vc_empty_space height=&#8220;25px&#8220;][vc_column_text]Genie\u00dfen Sie jeden Morgen beim Fr\u00fchst\u00fcck und jeden Abend beim Abendessen das LIVE KOCHEN.<\/p>\n<p>Kleiderordnung beim Abendessen: Smart Casual (keine Shorts f\u00fcr M\u00e4nner beim Abendessen)<\/p>\n<p>&nbsp;<\/p>\n<p><strong>&#8222;All-Inclusive-Paket&#8220;<\/strong><\/p>\n<ul>\n<li><strong>Essen<\/strong>: Fr\u00fchst\u00fcck, Mittag- und Abendessen im Restaurant &#8222;Rainbow&#8220; und Snacks an der Pool Snack Bar, zu verschiedenen zu verschiedenen Zeiten zwischen den Mahlzeiten, werden bis 21:00 Uhr angeboten. Eis von 10:00-23:00 Uhr.<\/li>\n<li><strong>Getr\u00e4nke<\/strong>: Unbegrenzt lokale alkoholische und alkoholfreie Getr\u00e4nke, Bier vom Fass, Hauswein (nur f\u00fcr \u00fcber 18-J\u00e4hrige) und Softdrinks.Getr\u00e4nke, von 10:00-23:00 Uhr. Alle an den Hotelbars und im Restaurant. (Frisch gepresster Saft nicht inbegriffen)<br \/>\n<strong>Jeweils EIN GETR\u00c4NK pro Person<\/strong><\/li>\n<li><strong>Wichtiger Hinweis<\/strong>: Im Falle einer Lebensmittelallergie sollten Sie entweder die Rezeption oder den Restaurantleiter oder den K\u00fcchenchef dringend informieren.<\/li>\n<\/ul>\n<p>&nbsp;<\/p>\n<p><strong>&#8222;BIANCO&#8220; Poolbar \/ Snackbar<\/strong><\/p>\n<ul>\n<li>10:00-17:00 Uhr.<br \/>\nGanzt\u00e4gig leichtes Essen \u2013 A la carte Men\u00fc<br \/>\nGetr\u00e4nke \/ Snacks \/ Eis<\/li>\n<li>All-Inclusive-Snacks:<br \/>\n11:00-12:00<br \/>\n15:00-17:00<\/li>\n<\/ul>\n<p><strong>Bar &#8222;BIANCO&#8220;<\/strong><\/p>\n<ul>\n<li>10:00-24:00 hrs.<\/li>\n<li>All-Inclusive-Getr\u00e4nke: 10:00-23.00<\/li>\n<\/ul>\n<p><strong>Aus Sicherheitsgr\u00fcnden werden alle Getr\u00e4nke im Pool- und Spielplatzbereich in Plastikbechern serviert.<\/strong>[\/vc_column_text][\/vc_column][\/vc_row]<\/p>\n<\/div>","protected":false},"excerpt":{"rendered":"<p>[vc_row][vc_column][vc_empty_space height=&#8220;25px&#8220;][vc_single_image image=&#8220;2007&#8243; img_size=&#8220;full&#8220;][vc_empty_space height=&#8220;25px&#8220;][vc_column_text]Genie\u00dfen Sie jeden Morgen beim Fr\u00fchst\u00fcck und jeden Abend beim Abendessen das LIVE KOCHEN. Kleiderordnung beim Abendessen: Smart Casual (keine Shorts f\u00fcr M\u00e4nner beim Abendessen) &nbsp; &#8222;All-Inclusive-Paket&#8220; Essen: Fr\u00fchst\u00fcck, Mittag- und Abendessen im Restaurant &#8222;Rainbow&#8220; und Snacks an der Pool Snack Bar, zu verschiedenen zu verschiedenen Zeiten zwischen den Mahlzeiten, werden [&hellip;]<\/p>\n","protected":false},"author":1,"featured_media":0,"parent":0,"menu_order":0,"comment_status":"closed","ping_status":"closed","template":"","meta":{"inline_featured_image":false,"footnotes":""},"class_list":["post-2062","page","type-page","status-publish","hentry"],"_links":{"self":[{"href":"https:\/\/www.nicholascolorhotel.com\/de\/wp-json\/wp\/v2\/pages\/2062","targetHints":{"allow":["GET"]}}],"collection":[{"href":"https:\/\/www.nicholascolorhotel.com\/de\/wp-json\/wp\/v2\/pages"}],"about":[{"href":"https:\/\/www.nicholascolorhotel.com\/de\/wp-json\/wp\/v2\/types\/page"}],"author":[{"embeddable":true,"href":"https:\/\/www.nicholascolorhotel.com\/de\/wp-json\/wp\/v2\/users\/1"}],"replies":[{"embeddable":true,"href":"https:\/\/www.nicholascolorhotel.com\/de\/wp-json\/wp\/v2\/comments?post=2062"}],"version-history":[{"count":0,"href":"https:\/\/www.nicholascolorhotel.com\/de\/wp-json\/wp\/v2\/pages\/2062\/revisions"}],"wp:attachment":[{"href":"https:\/\/www.nicholascolorhotel.com\/de\/wp-json\/wp\/v2\/media?parent=2062"}],"curies":[{"name":"wp","href":"https:\/\/api.w.org\/{rel}","templated":true}]}}