{"id":2065,"date":"2022-02-23T07:33:30","date_gmt":"2022-02-23T05:33:30","guid":{"rendered":"https:\/\/www.nicholascolorhotel.com\/sport-und-freizeit\/"},"modified":"2022-06-02T17:02:13","modified_gmt":"2022-06-02T14:02:13","slug":"sport-und-freizeit","status":"publish","type":"page","link":"https:\/\/www.nicholascolorhotel.com\/de\/sport-und-freizeit\/","title":{"rendered":"SPORT &amp; FREIZEIT"},"content":{"rendered":"<div class=\"wpb-content-wrapper\"><p>[vc_row][vc_column] <h1 style=\"color:;padding:px;text-align:;font-size:px;line-height:px;letter-spacing: px;font-weight:\" class=\"    \"> SPORT &amp; FREIZEIT<\/h1> [vc_empty_space height=&#8220;25px&#8220;][vc_single_image image=&#8220;2366&#8243; img_size=&#8220;full&#8220;][vc_empty_space height=&#8220;25px&#8220;][vc_column_text]<\/p>\n<div class=\"nd_options_container nd_options_padding_0_15 nd_options_box_sizing_border_box nd_options_clearfix\">\n<div id=\"post-2065\" class=\"post-2065 page type-page status-publish hentry\">\n<div class=\"vc_row wpb_row vc_row-fluid\">\n<div class=\"wpb_column vc_column_container vc_col-sm-12\">\n<div class=\"vc_column-inner\">\n<div class=\"wpb_wrapper\">\n<div class=\"wpb_text_column wpb_content_element \">\n<div class=\"wpb_wrapper\">\n<ul>\n<li>S\u00fc\u00dfwasser-Swimmingpool im Au\u00dfenbereich.<\/li>\n<li>Swimmingpool-Liegen und Sonnenschirme<\/li>\n<li>Spezielle Swimmingpool-Liegen und Sonnenschirme am Poolrand.<\/li>\n<li>Pool-Jacuzzi<\/li>\n<li>Kinderbecken<\/li>\n<li>Fitnessraum im Freien<\/li>\n<li>Sauna*<\/li>\n<li>Massageraum *<\/li>\n<li>Billardtisch *<\/li>\n<li>Dartscheibe<\/li>\n<li>Tischtennis<\/li>\n<li>Kostenloses Wi-Fi<\/li>\n<li>Am Strand k\u00f6nnen Sie au\u00dferdem alle Arten von Wassersportarten aus\u00fcben, die dort angeboten werden<\/li>\n<\/ul>\n<p><strong>Ein Kinderspiel f\u00fcr Sie und Ihre Kinder<\/strong><\/p>\n<div>\n<ul>\n<li>S\u00fc\u00dfwasser-Swimmingpool f\u00fcr Kinder<\/li>\n<li>Spielplatz<\/li>\n<li>Hochst\u00fchle f\u00fcr Kinder<\/li>\n<li>Babysitting bei Bedarf *<\/li>\n<li>Kostenlose Babybetten<br \/>\n<strong>Entertainment:<\/strong><\/li>\n<li>Live-Programm \/ Musik mindestens zweimal pro Woche am Swimmingpool<\/li>\n<\/ul>\n<p><strong>* Gegen Aufpreis<\/strong><\/p>\n<\/div>\n<\/div>\n<\/div>\n<\/div>\n<\/div>\n<\/div>\n<\/div>\n<\/div>\n<\/div>\n<p>[\/vc_column_text][\/vc_column][\/vc_row]<\/p>\n<\/div>","protected":false},"excerpt":{"rendered":"<p>[vc_row][vc_column][vc_empty_space height=&#8220;25px&#8220;][vc_single_image image=&#8220;2366&#8243; img_size=&#8220;full&#8220;][vc_empty_space height=&#8220;25px&#8220;][vc_column_text] S\u00fc\u00dfwasser-Swimmingpool im Au\u00dfenbereich. Swimmingpool-Liegen und Sonnenschirme Spezielle Swimmingpool-Liegen und Sonnenschirme am Poolrand. Pool-Jacuzzi Kinderbecken Fitnessraum im Freien Sauna* Massageraum * Billardtisch * Dartscheibe Tischtennis Kostenloses Wi-Fi Am Strand k\u00f6nnen Sie au\u00dferdem alle Arten von Wassersportarten aus\u00fcben, die dort angeboten werden Ein Kinderspiel f\u00fcr Sie und Ihre Kinder S\u00fc\u00dfwasser-Swimmingpool f\u00fcr Kinder [&hellip;]<\/p>\n","protected":false},"author":3,"featured_media":0,"parent":0,"menu_order":0,"comment_status":"closed","ping_status":"closed","template":"","meta":{"inline_featured_image":false,"footnotes":""},"class_list":["post-2065","page","type-page","status-publish","hentry"],"_links":{"self":[{"href":"https:\/\/www.nicholascolorhotel.com\/de\/wp-json\/wp\/v2\/pages\/2065","targetHints":{"allow":["GET"]}}],"collection":[{"href":"https:\/\/www.nicholascolorhotel.com\/de\/wp-json\/wp\/v2\/pages"}],"about":[{"href":"https:\/\/www.nicholascolorhotel.com\/de\/wp-json\/wp\/v2\/types\/page"}],"author":[{"embeddable":true,"href":"https:\/\/www.nicholascolorhotel.com\/de\/wp-json\/wp\/v2\/users\/3"}],"replies":[{"embeddable":true,"href":"https:\/\/www.nicholascolorhotel.com\/de\/wp-json\/wp\/v2\/comments?post=2065"}],"version-history":[{"count":0,"href":"https:\/\/www.nicholascolorhotel.com\/de\/wp-json\/wp\/v2\/pages\/2065\/revisions"}],"wp:attachment":[{"href":"https:\/\/www.nicholascolorhotel.com\/de\/wp-json\/wp\/v2\/media?parent=2065"}],"curies":[{"name":"wp","href":"https:\/\/api.w.org\/{rel}","templated":true}]}}