{"id":2225,"date":"2022-01-25T12:32:50","date_gmt":"2022-01-25T10:32:50","guid":{"rendered":"https:\/\/www.nicholascolorhotel.com\/cancelation-policy\/"},"modified":"2022-04-29T10:17:11","modified_gmt":"2022-04-29T07:17:11","slug":"cancelation-policy","status":"publish","type":"page","link":"https:\/\/www.nicholascolorhotel.com\/de\/cancelation-policy\/","title":{"rendered":"STORNIERUNG &#038; RICHTLINIEN"},"content":{"rendered":"<table border=\"0\" width=\"100%\" cellspacing=\"0\" cellpadding=\"2\">\n<tbody>\n<tr>\n<td class=\"\" align=\"left\"><\/td>\n<\/tr>\n<tr>\n<td class=\"atext\" valign=\"top\">\n<table border=\"0\" width=\"100%\" cellspacing=\"2\" cellpadding=\"0\">\n<tbody>\n<tr>\n<td align=\"left\" valign=\"top\">Das Hotel beh\u00e4lt sich das Recht vor, die berechneten Zimmerpreise jederzeit zu \u00e4ndern. G\u00e4ste, die ihre Reservierung bereits mit unterschiedlichen S\u00e4tzen vorgenommen haben, werden nicht kompensiert oder Differenzen erstattet. Indem Sie Ihre Buchung abschlie\u00dfen und die Allgemeinen Gesch\u00e4ftsbedingungen akzeptieren, stellt dies eine Vereinbarung zwischen Ihnen und dem Hotel dar.<\/p>\n<p>Die Preise sind in Euro pro Zimmer und pro Nacht angegeben und beinhalten alle anfallenden Steuern.<\/p>\n<p>&nbsp;<\/p>\n<p><strong>Einchecken \/ Auschecken<\/strong><br \/>\n* Check-in-Zeit ist 14:00 Uhr.<br \/>\n<em>* Check-out-Zeit ist 12:00 Uhr.<br \/>\nEine weitere Nutzung des Zimmers bis 18.00 Uhr kann an der Rezeption angefragt und bei Verf\u00fcgbarkeit extra verrechnet werden.<br \/>\n<\/em><\/p>\n<p>&nbsp;<\/p>\n<p><strong>Reservierung\/Anzahlung\/Stornierung<\/strong><br \/>\nBitte beachten Sie, dass wir 50 % des Gesamtbetrags der Unterkunft als Anzahlung verlangen, die automatisch von Ihrer Kreditkarte abgebucht wird. Wenn die Reservierung 3 Tage oder weniger als 3 Tage betr\u00e4gt, wird die volle Geb\u00fchr f\u00fcr die Unterkunft als Anzahlung f\u00e4llig.<br \/>\nSollte es sich als notwendig erweisen, Ihre Reisepl\u00e4ne zu \u00e4ndern, beachten Sie bitte, dass keine Stornierungsgeb\u00fchr erhoben wird, wenn die Reservierung mehr als 5 Tage vor der erwarteten Ankunft storniert wird und die Anzahlung vollst\u00e4ndig auf Ihre Kreditkarte zur\u00fcckerstattet wird.<br \/>\nWenn die Reservierung innerhalb von 4 Tagen vor der Ankunft oder weniger storniert wird, wird die Anzahlung von 3 \u00dcbernachtungen als Stornogeb\u00fchr einbehalten.<br \/>\nReservierungen sind pers\u00f6nlich und nicht \u00fcbertragbar. Bei Reservierungen k\u00f6nnen weder vor noch bei der Ankunft Namens\u00e4nderungen akzeptiert werden. In diesem Fall beh\u00e4lt sich das Hotel das Recht vor, das Unterkunftsangebot abzulehnen.<br \/>\nDer Restbetrag f\u00fcr die Hotel\u00fcbernachtung wird beim Check-in im Hotel verlangt.<\/p>\n<p>&nbsp;<\/p>\n<p><strong>Transfer<\/strong><br \/>\nDas Nicholas Color Hotel kann gegen Aufpreis ein Taxi arrangieren, das Sie vom Flughafen abholt, und Sie bezahlen direkt beim Taxifahrer.<br \/>\nBitte beachten Sie unbedingt, dass der Taxifahrer vor dem Eingang des Ankunftsterminals auf Sie wartet und ein deutlich mit dem NICHOLAS COLOR HOTEL gekennzeichnetes Schild und vor allem Ihren Nachnamen in gro\u00dfen Buchstaben tr\u00e4gt.<\/p>\n<p>&nbsp;<\/p>\n<p><strong>WICHTIGER HINWEIS<\/strong><br \/>\nBitte beachten Sie, dass das Nicholas Color Hotel oder einer seiner autorisierten Vertreter Sie nach Abschluss Ihrer Buchung NIE WEITERE KONTAKTIEREN WIRD, weder per Telefon, E-Mail noch auf andere Weise, um Sie zu bitten, pers\u00f6nliche Informationen wie Ihren Namen, Ihre Adresse oder Ihre Kartendetails zu verifizieren oder zu best\u00e4tigen.<\/p>\n<p>&nbsp;<\/p>\n<p><strong>Pers\u00f6nliche Informationen<\/strong><br \/>\nDas Nicholas Color Hotel unternimmt alle angemessenen Schritte, um betr\u00fcgerische\/rechtswidrige Vorf\u00e4lle zu verhindern und die pers\u00f6nlichen Daten seiner gesch\u00e4tzten Kunden vor jeglichen Eingriffen zu sch\u00fctzen.<\/p>\n<p>&nbsp;<\/p>\n<p>Nochmals vielen Dank, dass Sie sich f\u00fcr das Nicholas Color Hotel entschieden haben.<\/p>\n<p>&nbsp;<\/p>\n<p>Wir w\u00fcnschen Ihnen einen angenehmen Aufenthalt.<\/p>\n<p>&nbsp;<\/p>\n<p>F\u00fcr weitere Informationen stehen wir Ihnen gerne zur Verf\u00fcgung.<strong><br \/>\nNICHOLAS COLOR HOTEL<\/strong><\/td>\n<\/tr>\n<\/tbody>\n<\/table>\n<\/td>\n<\/tr>\n<\/tbody>\n<\/table>\n","protected":false},"excerpt":{"rendered":"<p>Das Hotel beh\u00e4lt sich das Recht vor, die berechneten Zimmerpreise jederzeit zu \u00e4ndern. G\u00e4ste, die ihre Reservierung bereits mit unterschiedlichen S\u00e4tzen vorgenommen haben, werden nicht kompensiert oder Differenzen erstattet. Indem Sie Ihre Buchung abschlie\u00dfen und die Allgemeinen Gesch\u00e4ftsbedingungen akzeptieren, stellt dies eine Vereinbarung zwischen Ihnen und dem Hotel dar. Die Preise sind in Euro pro [&hellip;]<\/p>\n","protected":false},"author":2,"featured_media":0,"parent":0,"menu_order":0,"comment_status":"closed","ping_status":"closed","template":"","meta":{"inline_featured_image":false,"footnotes":""},"class_list":["post-2225","page","type-page","status-publish","hentry"],"_links":{"self":[{"href":"https:\/\/www.nicholascolorhotel.com\/de\/wp-json\/wp\/v2\/pages\/2225","targetHints":{"allow":["GET"]}}],"collection":[{"href":"https:\/\/www.nicholascolorhotel.com\/de\/wp-json\/wp\/v2\/pages"}],"about":[{"href":"https:\/\/www.nicholascolorhotel.com\/de\/wp-json\/wp\/v2\/types\/page"}],"author":[{"embeddable":true,"href":"https:\/\/www.nicholascolorhotel.com\/de\/wp-json\/wp\/v2\/users\/2"}],"replies":[{"embeddable":true,"href":"https:\/\/www.nicholascolorhotel.com\/de\/wp-json\/wp\/v2\/comments?post=2225"}],"version-history":[{"count":0,"href":"https:\/\/www.nicholascolorhotel.com\/de\/wp-json\/wp\/v2\/pages\/2225\/revisions"}],"wp:attachment":[{"href":"https:\/\/www.nicholascolorhotel.com\/de\/wp-json\/wp\/v2\/media?parent=2225"}],"curies":[{"name":"wp","href":"https:\/\/api.w.org\/{rel}","templated":true}]}}